{"id":10,"date":"2021-02-15T20:39:42","date_gmt":"2021-02-15T20:39:42","guid":{"rendered":"https:\/\/store.belgianchocolateworkshop.com\/?post_type=product&#038;p=10"},"modified":"2025-07-29T16:09:36","modified_gmt":"2025-07-29T16:09:36","slug":"chocolate-making-kit-home","status":"publish","type":"product","link":"https:\/\/store.belgianchocolateworkshop.com\/fr\/produit\/chocolate-making-kit-home\/","title":{"rendered":"Kit Chocolat: pralines + mendiants + chocolat chaud \u00e0 faire chez soi."},"content":{"rendered":"","protected":false},"excerpt":{"rendered":"<p>Kit de fabrication de chocolat \u00e0 utiliser \u00e0 la maison ! Il est accompagn\u00e9 d&#8217;un code d&#8217;acc\u00e8s \u00e0 notre livre de recettes en ligne avec texte, photos et vid\u00e9o qui vous aidera \u00e0 r\u00e9aliser 21 pralines, 9+ mendiants et un d\u00e9licieux chocolat chaud avec votre kit !<\/p>","protected":false},"featured_media":11,"template":"","meta":[],"product_brand":[],"product_cat":[15],"product_tag":[],"class_list":{"0":"post-10","1":"product","2":"type-product","3":"status-publish","4":"has-post-thumbnail","6":"product_cat-diy","8":"first","9":"instock","10":"taxable","11":"shipping-taxable","12":"purchasable","13":"product-type-simple"},"_links":{"self":[{"href":"https:\/\/store.belgianchocolateworkshop.com\/fr\/wp-json\/wp\/v2\/product\/10","targetHints":{"allow":["GET"]}}],"collection":[{"href":"https:\/\/store.belgianchocolateworkshop.com\/fr\/wp-json\/wp\/v2\/product"}],"about":[{"href":"https:\/\/store.belgianchocolateworkshop.com\/fr\/wp-json\/wp\/v2\/types\/product"}],"wp:featuredmedia":[{"embeddable":true,"href":"https:\/\/store.belgianchocolateworkshop.com\/fr\/wp-json\/wp\/v2\/media\/11"}],"wp:attachment":[{"href":"https:\/\/store.belgianchocolateworkshop.com\/fr\/wp-json\/wp\/v2\/media?parent=10"}],"wp:term":[{"taxonomy":"product_brand","embeddable":true,"href":"https:\/\/store.belgianchocolateworkshop.com\/fr\/wp-json\/wp\/v2\/product_brand?post=10"},{"taxonomy":"product_cat","embeddable":true,"href":"https:\/\/store.belgianchocolateworkshop.com\/fr\/wp-json\/wp\/v2\/product_cat?post=10"},{"taxonomy":"product_tag","embeddable":true,"href":"https:\/\/store.belgianchocolateworkshop.com\/fr\/wp-json\/wp\/v2\/product_tag?post=10"}],"curies":[{"name":"wp","href":"https:\/\/api.w.org\/{rel}","templated":true}]}}